{"id":458498,"date":"2023-12-16T10:08:09","date_gmt":"2023-12-16T10:08:09","guid":{"rendered":"https:\/\/transnarsen.co.mz\/?page_id=458498"},"modified":"2023-12-16T10:10:50","modified_gmt":"2023-12-16T10:10:50","slug":"sobre-nos","status":"publish","type":"page","link":"https:\/\/transnarsen.co.mz\/index.php\/sobre-nos\/","title":{"rendered":"Sobre n\u00f3s"},"content":{"rendered":"<p>[et_pb_section fb_built=&#8221;1&#8243; custom_padding_last_edited=&#8221;on|tablet&#8221; _builder_version=&#8221;4.18.0&#8243; _module_preset=&#8221;default&#8221; background_color=&#8221;#161b2d&#8221; background_enable_image=&#8221;off&#8221; custom_padding=&#8221;0px||||false|false&#8221; custom_padding_tablet=&#8221;0px||30px||false|false&#8221; custom_padding_phone=&#8221;||40px||false|false&#8221; locked=&#8221;off&#8221; global_colors_info=&#8221;{}&#8221; theme_builder_area=&#8221;post_content&#8221;][et_pb_row column_structure=&#8221;1_2,1_2&#8243; use_custom_gutter=&#8221;on&#8221; gutter_width=&#8221;2&#8243; custom_padding_last_edited=&#8221;on|phone&#8221; _builder_version=&#8221;4.18.0&#8243; _module_preset=&#8221;default&#8221; width=&#8221;100%&#8221; max_width=&#8221;1355px&#8221; custom_padding=&#8221;|15px||15px|false|true&#8221; custom_padding_tablet=&#8221;|15px||15px|false|true&#8221; custom_padding_phone=&#8221;||10px||false|true&#8221; locked=&#8221;off&#8221; global_colors_info=&#8221;{}&#8221; theme_builder_area=&#8221;post_content&#8221;][et_pb_column type=&#8221;1_2&#8243; _builder_version=&#8221;4.18.0&#8243; _module_preset=&#8221;default&#8221; global_colors_info=&#8221;{}&#8221; theme_builder_area=&#8221;post_content&#8221;][dnxte_blurb dnxt_image=&#8221;https:\/\/transnarsen.co.mz\/wp-content\/uploads\/2023\/12\/Design-sem-nome.jpg&#8221; image_placement=&#8221;top-center&#8221; dnxt_image_max_width=&#8221;96%&#8221; dnxt_blurb_use_mask=&#8221;on&#8221; dnxt_blurb_mask_shape=&#8221;shape10&#8243; dnxt_blurb_mask_size=&#8221;cover&#8221; dnxt_blurb_image_horizontal=&#8221;-50&#8243; dnxt_blurb_image_vertical=&#8221;5&#8243; _builder_version=&#8221;4.23.1&#8243; _module_preset=&#8221;default&#8221; width=&#8221;100%&#8221; max_width=&#8221;100%&#8221; custom_margin=&#8221;92px|||||&#8221; global_colors_info=&#8221;{}&#8221; theme_builder_area=&#8221;post_content&#8221;][\/dnxte_blurb][\/et_pb_column][et_pb_column type=&#8221;1_2&#8243; _builder_version=&#8221;4.18.0&#8243; _module_preset=&#8221;default&#8221; custom_padding=&#8221;|||80px|false|false&#8221; custom_padding_tablet=&#8221;|||0px|false|false&#8221; custom_padding_phone=&#8221;|||0px|false|false&#8221; custom_padding_last_edited=&#8221;on|phone&#8221; global_colors_info=&#8221;{}&#8221; theme_builder_area=&#8221;post_content&#8221;][dnxte_multi_heading text_one=&#8221;Sobre a TransNarsen&#8221; text_two_reveal_effect=&#8221;on&#8221; text_two_reveal_color_before=&#8221;#f2c94c&#8221; text_three_reveal_effect=&#8221;on&#8221; text_three_reveal_color_before=&#8221;#f2c94c&#8221; _builder_version=&#8221;4.23.1&#8243; _module_preset=&#8221;default&#8221; text_one_font=&#8221;Lexend Deca|700||on||||#2f7955|&#8221; text_one_text_color=&#8221;#0179d0&#8243; text_one_font_size=&#8221;18px&#8221; text_one_line_height=&#8221;22px&#8221; text_two_text_align=&#8221;left&#8221; text_two_text_color=&#8221;#161b2d&#8221; text_two_font_size=&#8221;40px&#8221; text_three_text_align=&#8221;left&#8221; text_three_text_color=&#8221;#161b2d&#8221; text_three_font_size=&#8221;40px&#8221; text_three_line_height=&#8221;54px&#8221; custom_margin=&#8221;80px||||false|false&#8221; custom_margin_tablet=&#8221;0px||||false|false&#8221; custom_margin_phone=&#8221;0px||||false|false&#8221; custom_margin_last_edited=&#8221;on|phone&#8221; custom_padding=&#8221;||0px||false|false&#8221; animation_style=&#8221;fade&#8221; animation_duration=&#8221;800ms&#8221; text_two_text_align_tablet=&#8221;left&#8221; text_two_text_align_phone=&#8221;left&#8221; text_two_text_align_last_edited=&#8221;on|desktop&#8221; text_two_font_size_tablet=&#8221;32px&#8221; text_two_font_size_phone=&#8221;28px&#8221; text_two_font_size_last_edited=&#8221;on|phone&#8221; text_two_line_height_tablet=&#8221;40px&#8221; text_two_line_height_phone=&#8221;40px&#8221; text_two_line_height_last_edited=&#8221;on|desktop&#8221; text_three_text_align_tablet=&#8221;&#8221; text_three_text_align_phone=&#8221;&#8221; text_three_text_align_last_edited=&#8221;on|tablet&#8221; text_three_font_size_tablet=&#8221;32px&#8221; text_three_font_size_phone=&#8221;28px&#8221; text_three_font_size_last_edited=&#8221;on|tablet&#8221; text_three_line_height_tablet=&#8221;40px&#8221; text_three_line_height_phone=&#8221;40px&#8221; text_three_line_height_last_edited=&#8221;on|phone&#8221; border_radii_border_one=&#8221;on|25px|25px|25px|25px&#8221; locked=&#8221;off&#8221; global_colors_info=&#8221;{}&#8221; theme_builder_area=&#8221;post_content&#8221;][\/dnxte_multi_heading][dnxte_multi_heading text_one=&#8221;Qualidade e&#8221; text_two=&#8221;Zelo&#8221; display_type_select=&#8221;on&#8221; text_two_reveal_effect=&#8221;on&#8221; text_two_reveal_color_before=&#8221;#f2c94c&#8221; text_three_reveal_effect=&#8221;on&#8221; text_three_reveal_color_before=&#8221;#f2c94c&#8221; _builder_version=&#8221;4.23.1&#8243; _module_preset=&#8221;default&#8221; text_one_font=&#8221;Lexend Deca|700|||||||&#8221; text_one_text_color=&#8221;#FFFFFF&#8221; text_one_font_size=&#8221;44px&#8221; text_one_line_height=&#8221;60px&#8221; text_two_font=&#8221;Lexend Deca|700|||||||&#8221; text_two_text_align=&#8221;left&#8221; text_two_text_color=&#8221;#FFFFFF&#8221; text_two_font_size=&#8221;44px&#8221; text_two_line_height=&#8221;60px&#8221; text_three_text_align=&#8221;left&#8221; text_three_text_color=&#8221;#161b2d&#8221; text_three_font_size=&#8221;40px&#8221; text_three_line_height=&#8221;54px&#8221; custom_margin=&#8221;||0px||false|false&#8221; custom_padding=&#8221;||0px||false|false&#8221; animation_style=&#8221;fade&#8221; animation_duration=&#8221;800ms&#8221; text_one_font_size_tablet=&#8221;32px&#8221; text_one_font_size_phone=&#8221;28px&#8221; text_one_font_size_last_edited=&#8221;on|phone&#8221; text_one_line_height_tablet=&#8221;40px&#8221; text_one_line_height_phone=&#8221;40px&#8221; text_one_line_height_last_edited=&#8221;on|desktop&#8221; text_two_text_align_tablet=&#8221;left&#8221; text_two_text_align_phone=&#8221;left&#8221; text_two_text_align_last_edited=&#8221;on|desktop&#8221; text_two_font_size_tablet=&#8221;32px&#8221; text_two_font_size_phone=&#8221;28px&#8221; text_two_font_size_last_edited=&#8221;on|phone&#8221; text_two_line_height_tablet=&#8221;40px&#8221; text_two_line_height_phone=&#8221;40px&#8221; text_two_line_height_last_edited=&#8221;on|desktop&#8221; text_three_text_align_tablet=&#8221;&#8221; text_three_text_align_phone=&#8221;&#8221; text_three_text_align_last_edited=&#8221;on|tablet&#8221; text_three_font_size_tablet=&#8221;32px&#8221; text_three_font_size_phone=&#8221;28px&#8221; text_three_font_size_last_edited=&#8221;on|tablet&#8221; text_three_line_height_tablet=&#8221;40px&#8221; text_three_line_height_phone=&#8221;40px&#8221; text_three_line_height_last_edited=&#8221;on|phone&#8221; locked=&#8221;off&#8221; global_colors_info=&#8221;{}&#8221; theme_builder_area=&#8221;post_content&#8221;][\/dnxte_multi_heading][et_pb_text _builder_version=&#8221;4.18.0&#8243; _module_preset=&#8221;default&#8221; text_font=&#8221;Lexend Deca||||||||&#8221; text_text_color=&#8221;rgba(255,255,255,0.7)&#8221; text_font_size=&#8221;18px&#8221; text_line_height=&#8221;30px&#8221; animation_style=&#8221;fade&#8221; animation_duration=&#8221;1200ms&#8221; locked=&#8221;off&#8221; global_colors_info=&#8221;{}&#8221; theme_builder_area=&#8221;post_content&#8221;]<\/p>\n<p>A Transnarsen Lda \u00e9 uma empresa mo\u00e7ambicana que oferece ao Mercado Nacional Servi\u00e7os especializados na \u00e1rea de Log\u00edstica. Possibilitando aos seus Clientes de resolver de forma eficiente e com qualidade o problema de transporte de seus Colaboradores, cumprindo prazos com seriedade e \u00e9tica profissional e sempre de forma a melhorar a sua produtividade.<\/p>\n<p>[\/et_pb_text][dnxte_feature_list_parent _builder_version=&#8221;4.18.0&#8243; _module_preset=&#8221;default&#8221; global_colors_info=&#8221;{}&#8221; theme_builder_area=&#8221;post_content&#8221;][\/dnxte_feature_list_parent][dnxte_button button_text=&#8221;Contacte-nos&#8221; btn_show_hide=&#8221;off&#8221; dnxt_hover_bg_color=&#8221;#161b2d&#8221; _builder_version=&#8221;4.23.1&#8243; _module_preset=&#8221;default&#8221; btn_fonts_font=&#8221;Lexend Deca|700|||||||&#8221; btn_fonts_text_color=&#8221;#0179d0&#8243; btn_fonts_font_size=&#8221;16px&#8221; btn_fonts_line_height=&#8221;30px&#8221; background_color=&#8221;#FFFFFF&#8221; custom_margin=&#8221;28px||||false|false&#8221; custom_padding=&#8221;10px|35px|10px|35px|true|true&#8221; animation_style=&#8221;fade&#8221; animation_duration=&#8221;1600ms&#8221; btn_fonts_text_color_last_edited=&#8221;off|desktop&#8221; border_radii_btn_border=&#8221;on|0px|0px|0px|0px&#8221; border_width_all_btn_border=&#8221;0px&#8221; locked=&#8221;off&#8221; global_colors_info=&#8221;{}&#8221; background__hover_enabled=&#8221;on|hover&#8221; background_color__hover=&#8221;#ed1d24&#8243; background_enable_color__hover=&#8221;on&#8221; btn_fonts_text_color__hover_enabled=&#8221;on|hover&#8221; btn_fonts_text_color__hover=&#8221;#FFFFFF&#8221; theme_builder_area=&#8221;post_content&#8221;][\/dnxte_button][\/et_pb_column][\/et_pb_row][\/et_pb_section][et_pb_section fb_built=&#8221;1&#8243; custom_padding_last_edited=&#8221;on|phone&#8221; _builder_version=&#8221;4.18.0&#8243; _module_preset=&#8221;default&#8221; background_color=&#8221;#161b2d&#8221; background_enable_image=&#8221;off&#8221; custom_padding=&#8221;0px||70px||false|false&#8221; custom_padding_tablet=&#8221;0px||20px||false|false&#8221; custom_padding_phone=&#8221;||20px||false|false&#8221; locked=&#8221;off&#8221; global_colors_info=&#8221;{}&#8221; theme_builder_area=&#8221;post_content&#8221;][et_pb_row use_custom_gutter=&#8221;on&#8221; gutter_width=&#8221;2&#8243; custom_padding_last_edited=&#8221;off|desktop&#8221; _builder_version=&#8221;4.18.0&#8243; _module_preset=&#8221;default&#8221; width=&#8221;100%&#8221; max_width=&#8221;1355px&#8221; custom_padding=&#8221;|15px||15px|false|false&#8221; custom_padding_tablet=&#8221;|15px||15px|false|true&#8221; custom_padding_phone=&#8221;||10px||false|true&#8221; locked=&#8221;off&#8221; global_colors_info=&#8221;{}&#8221; theme_builder_area=&#8221;post_content&#8221;][et_pb_column type=&#8221;4_4&#8243; _builder_version=&#8221;4.16&#8243; _module_preset=&#8221;default&#8221; global_colors_info=&#8221;{}&#8221; theme_builder_area=&#8221;post_content&#8221;][dnxte_multi_heading text_one=&#8221;Sobre n\u00f3s&#8221; inline_multi_align=&#8221;center&#8221; text_two_reveal_effect=&#8221;on&#8221; text_two_reveal_color_before=&#8221;#f2c94c&#8221; text_three_reveal_effect=&#8221;on&#8221; text_three_reveal_color_before=&#8221;#f2c94c&#8221; _builder_version=&#8221;4.23.1&#8243; _module_preset=&#8221;default&#8221; text_one_font=&#8221;Lexend Deca|700|||||||&#8221; text_one_text_color=&#8221;#FFFFFF&#8221; text_one_font_size=&#8221;44px&#8221; text_one_line_height=&#8221;60px&#8221; text_two_font=&#8221;Domine|700|||||||&#8221; text_two_text_align=&#8221;left&#8221; text_two_text_color=&#8221;#161b2d&#8221; text_two_font_size=&#8221;48px&#8221; text_two_line_height=&#8221;60px&#8221; text_three_text_align=&#8221;left&#8221; text_three_text_color=&#8221;#161b2d&#8221; text_three_font_size=&#8221;40px&#8221; text_three_line_height=&#8221;54px&#8221; custom_margin=&#8221;||0px||false|false&#8221; custom_padding=&#8221;||0px||false|false&#8221; animation_style=&#8221;fade&#8221; animation_duration=&#8221;800ms&#8221; text_one_font_size_tablet=&#8221;32px&#8221; text_one_font_size_phone=&#8221;28px&#8221; text_one_font_size_last_edited=&#8221;on|phone&#8221; text_one_line_height_tablet=&#8221;40px&#8221; text_one_line_height_phone=&#8221;40px&#8221; text_one_line_height_last_edited=&#8221;on|desktop&#8221; text_two_text_align_tablet=&#8221;left&#8221; text_two_text_align_phone=&#8221;left&#8221; text_two_text_align_last_edited=&#8221;on|desktop&#8221; text_two_font_size_tablet=&#8221;32px&#8221; text_two_font_size_phone=&#8221;28px&#8221; text_two_font_size_last_edited=&#8221;on|phone&#8221; text_two_line_height_tablet=&#8221;40px&#8221; text_two_line_height_phone=&#8221;40px&#8221; text_two_line_height_last_edited=&#8221;on|desktop&#8221; text_three_text_align_tablet=&#8221;&#8221; text_three_text_align_phone=&#8221;&#8221; text_three_text_align_last_edited=&#8221;on|tablet&#8221; text_three_font_size_tablet=&#8221;32px&#8221; text_three_font_size_phone=&#8221;28px&#8221; text_three_font_size_last_edited=&#8221;on|tablet&#8221; text_three_line_height_tablet=&#8221;40px&#8221; text_three_line_height_phone=&#8221;40px&#8221; text_three_line_height_last_edited=&#8221;on|phone&#8221; locked=&#8221;off&#8221; global_colors_info=&#8221;{}&#8221; theme_builder_area=&#8221;post_content&#8221;][\/dnxte_multi_heading][et_pb_text _builder_version=&#8221;4.18.0&#8243; _module_preset=&#8221;default&#8221; text_font=&#8221;Lexend Deca||||||||&#8221; text_text_color=&#8221;rgba(255,255,255,0.7)&#8221; text_font_size=&#8221;18px&#8221; text_line_height=&#8221;30px&#8221; animation_style=&#8221;fade&#8221; animation_duration=&#8221;1200ms&#8221; locked=&#8221;off&#8221; global_colors_info=&#8221;{}&#8221; theme_builder_area=&#8221;post_content&#8221;]<\/p>\n<p>A Transnarsen Lda \u00e9 uma empresa mo\u00e7ambicana sem parceria estabelecida em Maputo, que oferece ao Mercado Nacional Servi\u00e7os especializados na \u00e1rea de Log\u00edstica. Os colaboradores operam na \u00e1rea de transporte h\u00e1 mais de 12 anos e possu\u00edmos uma frota autom\u00f3vel pr\u00f3pria assegurada em regime permanente para a execu\u00e7\u00e3o de servi\u00e7os.<br \/>A sua mais-valia est\u00e1 na forma\u00e7\u00e3o, experi\u00eancia e profissionalismo de seus colaboradores, e numa abordagem moderna \u00e0 forma de presta\u00e7\u00e3o de servi\u00e7os, possibilitando aos seus Clientes de resolver de forma eficiente e com qualidade o problema de transporte de seus Colaboradores, cumprindo prazos com seriedade e \u00e9tica profissional e sempre de forma a melhorar a sua produtividade.<\/p>\n<p><strong>Pontos Diferenciadores<\/strong><\/p>\n<p>A Transnarsen \u00e9 uma empresa com capital totalmente mo\u00e7ambicano, e prima pela sua capacidade de se manter num mercado competitivo em p\u00e9 de igualdade com outras empresas, fazendo valer a sua boa conduta em termos de profissionalismo e qualidade na presta\u00e7\u00e3o dos seus servi\u00e7os e treinamento do pessoal sobre regras e procedimentos na gest\u00e3o de riscos de meio ambiente, sa\u00fade e seguran\u00e7a no trabalho.<\/p>\n<p>[\/et_pb_text][\/et_pb_column][\/et_pb_row][\/et_pb_section][et_pb_section fb_built=&#8221;1&#8243; custom_padding_last_edited=&#8221;on|phone&#8221; _builder_version=&#8221;4.23.1&#8243; _module_preset=&#8221;default&#8221; background_enable_color=&#8221;off&#8221; background_image=&#8221;https:\/\/transnarsen.co.mz\/wp-content\/uploads\/2023\/12\/Design-sem-nome-1.jpg&#8221; positioning=&#8221;none&#8221; custom_padding=&#8221;||||false|false&#8221; custom_padding_tablet=&#8221;20px||20px||false|false&#8221; custom_padding_phone=&#8221;||20px||false|false&#8221; locked=&#8221;off&#8221; global_colors_info=&#8221;{}&#8221; theme_builder_area=&#8221;post_content&#8221;][et_pb_row use_custom_gutter=&#8221;on&#8221; gutter_width=&#8221;2&#8243; custom_padding_last_edited=&#8221;off|desktop&#8221; _builder_version=&#8221;4.18.0&#8243; _module_preset=&#8221;default&#8221; width=&#8221;100%&#8221; max_width=&#8221;1355px&#8221; custom_padding=&#8221;|15px||15px|false|false&#8221; custom_padding_tablet=&#8221;|15px||15px|false|true&#8221; custom_padding_phone=&#8221;||10px||false|true&#8221; locked=&#8221;off&#8221; global_colors_info=&#8221;{}&#8221; theme_builder_area=&#8221;post_content&#8221;][et_pb_column type=&#8221;4_4&#8243; _builder_version=&#8221;4.16&#8243; _module_preset=&#8221;default&#8221; global_colors_info=&#8221;{}&#8221; theme_builder_area=&#8221;post_content&#8221;][dnxte_blurb blurb_pre_switch=&#8221;on&#8221; blurb_pre_heading=&#8221;Clientes Multinacionais&#8221; blurb_heading=&#8221;20+&#8221; blurb_description=&#8221;<\/p>\n<p>Sempre prontos a prestar um servi\u00e7o ao n\u00edvel internacional.<\/p>\n<p>&#8221; dnxt_header_margin=&#8221;10px||10px||true|false&#8221; _builder_version=&#8221;4.23.1&#8243; _module_preset=&#8221;default&#8221; dnxt_pre_header_font=&#8221;Lexend Deca|||on|||||&#8221; dnxt_pre_header_text_color=&#8221;#0179d0&#8243; dnxt_pre_header_font_size=&#8221;20px&#8221; dnxt_pre_header_line_height=&#8221;25px&#8221; dnxt_heading_font=&#8221;Lexend Deca|700|||||||&#8221; dnxt_heading_text_color=&#8221;#FFFFFF&#8221; dnxt_heading_font_size=&#8221;64px&#8221; dnxt_heading_line_height=&#8221;80px&#8221; dnxt_body_font=&#8221;Lexend Deca||||||||&#8221; dnxt_body_text_color=&#8221;rgba(255,255,255,0.7)&#8221; dnxt_body_font_size=&#8221;17px&#8221; dnxt_body_line_height=&#8221;30px&#8221; background_color=&#8221;#161b2d&#8221; max_width=&#8221;440px&#8221; module_alignment=&#8221;center&#8221; custom_padding=&#8221;40px|40px|30px|40px|false|true&#8221; dnxt_heading_font_size_tablet=&#8221;40px&#8221; dnxt_heading_font_size_phone=&#8221;34px&#8221; dnxt_heading_font_size_last_edited=&#8221;on|tablet&#8221; dnxt_heading_line_height_tablet=&#8221;60px&#8221; dnxt_heading_line_height_phone=&#8221;40px&#8221; dnxt_heading_line_height_last_edited=&#8221;on|phone&#8221; border_width_bottom=&#8221;2px&#8221; border_color_bottom=&#8221;#0179d0&#8243; border_color_bottom_dnxt_body_borders=&#8221;#0179d0&#8243; global_colors_info=&#8221;{}&#8221; border_color_bottom_dnxt_body_borders__hover_enabled=&#8221;on|desktop&#8221; border_color_bottom_dnxt_body_borders__hover=&#8221;#0179d0&#8243; theme_builder_area=&#8221;post_content&#8221;][\/dnxte_blurb][dnxte_floating_element _builder_version=&#8221;4.23.1&#8243; _module_preset=&#8221;default&#8221; module_alignment=&#8221;center&#8221; height=&#8221;170px&#8221; global_colors_info=&#8221;{}&#8221; theme_builder_area=&#8221;post_content&#8221;][dnxte_floating_element_child floting_shape_image=&#8221;https:\/\/transnarsen.co.mz\/wp-content\/uploads\/2023\/12\/Inserir-um-pouquinho-de-texto-300&#215;300-1.png&#8221; dnxte_floting_shape_default_effects=&#8221;seven&#8221; _builder_version=&#8221;4.23.1&#8243; _module_preset=&#8221;default&#8221; width=&#8221;170px&#8221; max_width=&#8221;100%&#8221; module_alignment=&#8221;center&#8221; height=&#8221;170px&#8221; border_radii_image=&#8221;on|50%|50%|50%|50%&#8221; global_colors_info=&#8221;{}&#8221; theme_builder_area=&#8221;post_content&#8221;][\/dnxte_floating_element_child][\/dnxte_floating_element][dnxte_blurb blurb_pre_switch=&#8221;on&#8221; blurb_pre_heading=&#8221;Clientes recorrentes&#8221; blurb_heading=&#8221;1000+&#8221; blurb_description=&#8221;<\/p>\n<p>A nossa taxa de repeti\u00e7\u00e3o de solicita\u00e7\u00e3o pelos mesmos clientes fala por si.<\/p>\n<p>&#8221; dnxt_header_margin=&#8221;10px||10px||true|false&#8221; _builder_version=&#8221;4.23.1&#8243; _module_preset=&#8221;default&#8221; dnxt_pre_header_font=&#8221;Lexend Deca|||on|||||&#8221; dnxt_pre_header_text_color=&#8221;#0179d0&#8243; dnxt_pre_header_font_size=&#8221;20px&#8221; dnxt_pre_header_line_height=&#8221;25px&#8221; dnxt_heading_font=&#8221;Lexend Deca|700|||||||&#8221; dnxt_heading_text_color=&#8221;#FFFFFF&#8221; dnxt_heading_font_size=&#8221;64px&#8221; dnxt_heading_line_height=&#8221;80px&#8221; dnxt_body_font=&#8221;Lexend Deca||||||||&#8221; dnxt_body_text_color=&#8221;rgba(255,255,255,0.7)&#8221; dnxt_body_font_size=&#8221;17px&#8221; dnxt_body_line_height=&#8221;30px&#8221; background_color=&#8221;#161b2d&#8221; max_width=&#8221;440px&#8221; module_alignment=&#8221;center&#8221; custom_padding=&#8221;40px|40px|30px|40px|false|true&#8221; dnxt_heading_font_size_tablet=&#8221;40px&#8221; dnxt_heading_font_size_phone=&#8221;34px&#8221; dnxt_heading_font_size_last_edited=&#8221;on|phone&#8221; dnxt_heading_line_height_tablet=&#8221;60px&#8221; dnxt_heading_line_height_phone=&#8221;40px&#8221; dnxt_heading_line_height_last_edited=&#8221;on|phone&#8221; border_width_bottom=&#8221;2px&#8221; border_color_bottom=&#8221;#0179d0&#8243; border_color_bottom_dnxt_body_borders=&#8221;#0179d0&#8243; global_colors_info=&#8221;{}&#8221; theme_builder_area=&#8221;post_content&#8221;][\/dnxte_blurb][\/et_pb_column][\/et_pb_row][\/et_pb_section]<\/p>\n","protected":false},"excerpt":{"rendered":"<p><div class=\"et_pb_module dnxte_blurb dnxte_blurb_0\">\n\t\t\t\t\n\t\t\t\t\n\t\t\t\t\n\t\t\t\t\n\t\t\t\t\n\t\t\t\t\n\t\t\t\t<div class=\"et_pb_module_inner\">\n\t\t\t\t\t<div class=\"dnxt-blurb-wrapper-outer \"    >\r\n\t\t\t\t<div class=\"dnxt-blurb-wrapper dnxt-blurb-wrapper-one_image_placement_top-center\">\r\n\t\t\t\t\t<div class=\"dnxt-blurb-image dnxt-blurb-image_image_placement_top-center\" data-svg-shape=\"shape10\" data-shape-size=\"cover\" data-use-upload=\"off\" data-uploaded-mask=\"\"><img decoding=\"async\" src=\"https:\/\/transnarsen.co.mz\/wp-content\/uploads\/2023\/12\/Design-sem-nome.jpg\" alt=\"\" srcset=\"https:\/\/transnarsen.co.mz\/wp-content\/uploads\/2023\/12\/Design-sem-nome.jpg 2050w, https:\/\/transnarsen.co.mz\/wp-content\/uploads\/2023\/12\/Design-sem-nome-1280x721.jpg 1280w, https:\/\/transnarsen.co.mz\/wp-content\/uploads\/2023\/12\/Design-sem-nome-980x552.jpg 980w, https:\/\/transnarsen.co.mz\/wp-content\/uploads\/2023\/12\/Design-sem-nome-480x270.jpg 480w\" sizes=\"(min-width: 0px) and (max-width: 480px) 480px, (min-width: 481px) and (max-width: 980px) 980px, (min-width: 981px) and (max-width: 1280px) 1280px, (min-width: 1281px) 2050px, 100vw\" class=\"img-fluid\" \/><\/div>\r\n\t\t\t\t\t<div class=\"\">\r\n\t\t\t\t\t\t\r\n\t\t\t\t\t\t<div class=\"dnxt-blurb-container\">\r\n\t\t\t\t\t\t\t<div class=\"dnxt-blurb-heading-wrapper\">\r\n\t\t\t\t\t\t\t\t\r\n\t\t\t\t\t\t\t\t\r\n\t\t\t\t\t\t\t\t\r\n\t\t\t\t\t\t\t<\/div>\r\n\t\t\t\t\t\t\t\r\n\t\t\t\t\t\t\t\r\n\t\t\t\t\t\t<\/div>\r\n\t\t\t\t\t<\/div>\r\n\t\t\t\t<\/div>\r\n\t\t\t<\/div>\n\t\t\t\t<\/div>\n\t\t\t<\/div><div class=\"et_pb_module dnxte_multi_heading dnxte_multi_heading_0 et_animated\">\n\t\t\t\t\n\t\t\t\t\n\t\t\t\t\n\t\t\t\t\n\t\t\t\t\n\t\t\t\t\n\t\t\t\t<div class=\"et_pb_module_inner\">\n\t\t\t\t\t<div class=\"wrapper\"><h1 class='header-level '><span class=\"dnxt-text-one \"><span class=\"dnxt-gradient-text-color-1\">&#8221;Sobre<\/span><\/span><\/h1><\/div>\n\t\t\t\t<\/div>\n\t\t\t<\/div><\/p>\n","protected":false},"author":1,"featured_media":0,"parent":0,"menu_order":0,"comment_status":"closed","ping_status":"closed","template":"","meta":{"_et_pb_use_builder":"on","_et_pb_old_content":"","_et_gb_content_width":"","footnotes":""},"class_list":["post-458498","page","type-page","status-publish","hentry"],"_links":{"self":[{"href":"https:\/\/transnarsen.co.mz\/index.php\/wp-json\/wp\/v2\/pages\/458498","targetHints":{"allow":["GET"]}}],"collection":[{"href":"https:\/\/transnarsen.co.mz\/index.php\/wp-json\/wp\/v2\/pages"}],"about":[{"href":"https:\/\/transnarsen.co.mz\/index.php\/wp-json\/wp\/v2\/types\/page"}],"author":[{"embeddable":true,"href":"https:\/\/transnarsen.co.mz\/index.php\/wp-json\/wp\/v2\/users\/1"}],"replies":[{"embeddable":true,"href":"https:\/\/transnarsen.co.mz\/index.php\/wp-json\/wp\/v2\/comments?post=458498"}],"version-history":[{"count":3,"href":"https:\/\/transnarsen.co.mz\/index.php\/wp-json\/wp\/v2\/pages\/458498\/revisions"}],"predecessor-version":[{"id":458510,"href":"https:\/\/transnarsen.co.mz\/index.php\/wp-json\/wp\/v2\/pages\/458498\/revisions\/458510"}],"wp:attachment":[{"href":"https:\/\/transnarsen.co.mz\/index.php\/wp-json\/wp\/v2\/media?parent=458498"}],"curies":[{"name":"wp","href":"https:\/\/api.w.org\/{rel}","templated":true}]}}